{"id":549,"date":"2021-03-29T09:43:08","date_gmt":"2021-03-29T07:43:08","guid":{"rendered":"https:\/\/southofimagination.org\/journal\/"},"modified":"2021-11-14T18:31:12","modified_gmt":"2021-11-14T17:31:12","slug":"journal","status":"publish","type":"page","link":"https:\/\/southofimagination.org\/it\/journal\/","title":{"rendered":"Journal"},"content":{"rendered":"\n<p>South of Imagination accetta proposte da artisti, educatori, ricercatori e attivisti. Lo scopo del Journal \u00e8 quello di affrontare questioni sul rapporto tra educazione, arte, costruzione di comunit\u00e0, ed epistemologie del sud. Il Journal pubblicher\u00e0 numeri specifici per argomento &#8211; vedi Call for Texts qui sotto &#8211; e testi che seguono la linea editoriale.<\/p>\n\n\n\n<p>Non siamo interessati alla tradizionale scrittura accademica, piuttosto cerchiamo di raccogliere una moltitudine di forme e di espressione testuale; mini-saggi, poesia, reportage personali, pezzi op-ed, narrativa sperimentale &#8211; tutti quei formati che non sono conformi a una visione eurocentrica della produzione di conoscenza.<\/p>\n\n\n\n<p>Vogliamo incoraggiare e sostenere i professionisti emergenti cos\u00ec come gli autori pi\u00f9 esperti, e impegnarci con loro in un processo di lavoro partecipativo verso la pubblicazione.<\/p>\n\n\n\n<p>Si prega di inviare a <a rel=\"noreferrer noopener\" href=\"mailto:info@southofimagination.org\" target=\"_blank\">info@southofimagination.org<\/a>:<br>\u2014Una breve descrizione della tua pratica<br>\u2014Se rilevante, link a lavori precedenti, testi, attivit\u00e0 di ricerca<br>\u2014Una breve descrizione di ci\u00f2 che vorresti scrivere (da 100 a 150 parole) e una timeline possibile per il pezzo.<br>\u2014Nell&#8217;oggetto dell&#8217;email si prega di citare Editor&#8217;s Pick<\/p>\n\n\n\n<p><\/p>\n\n\n\n<h2 class=\"has-text-align-center wp-block-heading\">Call for texts<\/h2>\n\n\n\n<p>Art and Education: Towards the ruins of an alternate future<\/p>\n\n\n\n<p>Negli ultimi vent&#8217;anni, le relazioni tra arte ed educazione hanno acquisito un\u2019importanza specifica nel mondo della cultura. A partire dal 2010, queste relazioni hanno prodotto una serie di pratiche artistiche e iniziative educative, che hanno messo in discussione \u2013 attraverso un approccio critico \u2013 la produzione e la dimensione estetica di queste strategie partecipative.<\/p>\n\n\n\n<p>La costruzione delle narrazioni legate a questi fenomeni ha rispecchiato una visione occidentale egemonica, concentrandosi sui contesti nordamericani ed europei, e ha lasciato poco spazio per considerare altre forme epistemologiche.<\/p>\n\n\n\n<p>L&#8217;obiettivo di questo numero \u00e8 quello di rendere visibili dinamiche speculative di quei &#8220;futuri esistenti&#8221; che stanno gi\u00e0 plasmando il presente dell&#8217;arte e dell&#8217;educazione, considerando la tensione tra pratiche partecipative e modelli tradizionali di produzione di conoscenza \u2013 accentuandola o mettendola in discussione.<\/p>\n\n\n\n<p>Per quanto riguarda la nostra policy editoriale, non siamo interessati a paper e ricerche accademiche \u2013 anche se prenderemo sicuramente in considerazione testi di ricerca \u2013 ma vogliamo definire uno spazio di relazioni e di affettivit\u00e0 attraverso saggi sperimentali, non-fiction speculativa, ricordi e storia alternativa.<\/p>\n\n\n\n<p>Si prega di inviare a <a href=\"mailto:info@southofimagination.org\" target=\"_blank\" rel=\"noreferrer noopener\">info@southofimagination.org<\/a>:<br>\u2014Una breve descrizione della tua pratica<br>\u2014Se rilevante, link a lavori precedenti, scritti, attivit\u00e0 di ricerca<br>\u2014Una breve descrizione di ci\u00f2 che vorresti scrivere (da 100 a 150 parole)<br>\u2014Nell&#8217;oggetto dell&#8217;email si prega di citare Call for Texts<\/p>\n\n\n\n<p><\/p>\n","protected":false},"excerpt":{"rendered":"<p>South of Imagination accetta proposte da artisti, educatori, ricercatori e attivisti. Lo scopo del Journal \u00e8 quello di affrontare questioni sul rapporto tra educazione, arte, costruzione di comunit\u00e0, ed epistemologie del sud. Il Journal pubblicher\u00e0 numeri specifici per argomento &#8211; vedi Call for Texts qui sotto &#8211; e testi che seguono la linea editoriale. Non [&hellip;]<\/p>\n","protected":false},"author":1,"featured_media":0,"parent":0,"menu_order":0,"comment_status":"closed","ping_status":"closed","template":"","meta":{"_monsterinsights_skip_tracking":false,"_monsterinsights_sitenote_active":false,"_monsterinsights_sitenote_note":"","_monsterinsights_sitenote_category":0,"footnotes":""},"class_list":["post-549","page","type-page","status-publish","hentry"],"_links":{"self":[{"href":"https:\/\/southofimagination.org\/it\/wp-json\/wp\/v2\/pages\/549","targetHints":{"allow":["GET"]}}],"collection":[{"href":"https:\/\/southofimagination.org\/it\/wp-json\/wp\/v2\/pages"}],"about":[{"href":"https:\/\/southofimagination.org\/it\/wp-json\/wp\/v2\/types\/page"}],"author":[{"embeddable":true,"href":"https:\/\/southofimagination.org\/it\/wp-json\/wp\/v2\/users\/1"}],"replies":[{"embeddable":true,"href":"https:\/\/southofimagination.org\/it\/wp-json\/wp\/v2\/comments?post=549"}],"version-history":[{"count":14,"href":"https:\/\/southofimagination.org\/it\/wp-json\/wp\/v2\/pages\/549\/revisions"}],"predecessor-version":[{"id":1377,"href":"https:\/\/southofimagination.org\/it\/wp-json\/wp\/v2\/pages\/549\/revisions\/1377"}],"wp:attachment":[{"href":"https:\/\/southofimagination.org\/it\/wp-json\/wp\/v2\/media?parent=549"}],"curies":[{"name":"wp","href":"https:\/\/api.w.org\/{rel}","templated":true}]}}