{"id":509,"date":"2021-03-17T12:47:57","date_gmt":"2021-03-17T11:47:57","guid":{"rendered":"https:\/\/southofimagination.org\/statement\/"},"modified":"2024-03-20T17:56:05","modified_gmt":"2024-03-20T16:56:05","slug":"statement","status":"publish","type":"page","link":"https:\/\/southofimagination.org\/it\/statement\/","title":{"rendered":"Statement"},"content":{"rendered":"\n<p>South of Imagination \u00e8 un progetto dell\u2019artista Valerio Rocco Orlando, a cura di Raffaella Frascarelli, finalizzato alla creazione di una nuova scuola delle arti a Matera.<\/p>\n\n\n\n<p>Una piattaforma digitale educativa ha unito diverse comunit\u00e0 grazie a esperienze laboratoriali condivise, online e in presenza, mobilitando spazi multidisciplinari istituiti da artisti internazionali in territori decentralizzati. La dimensione processuale della ricerca ha attinto ai saperi non convenzionali dei quali le demo-diversit\u00e0 del Sud si fanno portatrici, ed \u00e8 confluita nella produzione di una videoinstallazione multicanale che \u00e8 entrata a far parte delle collezioni del Museo del Novecento di Milano.<\/p>\n\n\n\n<p>In alternativa al paradigma neoliberista centrato sul profitto economico-finanziario, la sfera culturale dei Sud del mondo rigenera il pensiero critico, progetta nuovi valori e costruisce spazi di libert\u00e0 soggettiva e collettiva. Questo processo trasformativo ha ispirato l\u2019artista nella creazione di una dimensione di apprendimento reciproco, un orizzonte interpersonale teso a de-modernizzare e de-colonizzare l\u2019apprendimento. Quali sono gli insegnamenti suggeriti dalle epistemologie del Sud che trasformano il mondo grazie al proprio desiderio di comprenderlo? Come si pu\u00f2 immaginare e coltivare un\u2019educazione autoriflessiva in grado di generare conoscenza, equit\u00e0, solidariet\u00e0 al di fuori delle dinamiche dettate dal neoliberismo? Valerio Rocco Orlando \u00e8 partito da queste urgenze per attivare un processo di conoscenza fondato sull\u2019ascolto attivo e intersoggettivo.&nbsp;<\/p>\n\n\n\n<p>Una serie di laboratori itineranti \u2013 attivati insieme a Nomas Foundation e Sapienza Universit\u00e0 di Roma \u2013 ha invitato organizzazioni, universit\u00e0, accademie, musei e comunit\u00e0 locali a mettere in campo le proprie risorse socioculturali per immaginare un percorso pedagogico innovativo.<\/p>\n\n\n\n<p>Progetto realizzato grazie al sostegno della Direzione Generale Creativit\u00e0 Contemporanea del Ministero della Cultura nell\u2019ambito del programma Italian Council (2020).<\/p>\n","protected":false},"excerpt":{"rendered":"<p>South of Imagination \u00e8 un progetto dell\u2019artista Valerio Rocco Orlando, a cura di Raffaella Frascarelli, finalizzato alla creazione di una nuova scuola delle arti a Matera. Una piattaforma digitale educativa ha unito diverse comunit\u00e0 grazie a esperienze laboratoriali condivise, online e in presenza, mobilitando spazi multidisciplinari istituiti da artisti internazionali in territori decentralizzati. La dimensione [&hellip;]<\/p>\n","protected":false},"author":1,"featured_media":511,"parent":0,"menu_order":0,"comment_status":"closed","ping_status":"closed","template":"","meta":{"_monsterinsights_skip_tracking":false,"_monsterinsights_sitenote_active":false,"_monsterinsights_sitenote_note":"","_monsterinsights_sitenote_category":0,"footnotes":""},"class_list":["post-509","page","type-page","status-publish","has-post-thumbnail","hentry"],"_links":{"self":[{"href":"https:\/\/southofimagination.org\/it\/wp-json\/wp\/v2\/pages\/509","targetHints":{"allow":["GET"]}}],"collection":[{"href":"https:\/\/southofimagination.org\/it\/wp-json\/wp\/v2\/pages"}],"about":[{"href":"https:\/\/southofimagination.org\/it\/wp-json\/wp\/v2\/types\/page"}],"author":[{"embeddable":true,"href":"https:\/\/southofimagination.org\/it\/wp-json\/wp\/v2\/users\/1"}],"replies":[{"embeddable":true,"href":"https:\/\/southofimagination.org\/it\/wp-json\/wp\/v2\/comments?post=509"}],"version-history":[{"count":11,"href":"https:\/\/southofimagination.org\/it\/wp-json\/wp\/v2\/pages\/509\/revisions"}],"predecessor-version":[{"id":1515,"href":"https:\/\/southofimagination.org\/it\/wp-json\/wp\/v2\/pages\/509\/revisions\/1515"}],"wp:featuredmedia":[{"embeddable":true,"href":"https:\/\/southofimagination.org\/it\/wp-json\/wp\/v2\/media\/511"}],"wp:attachment":[{"href":"https:\/\/southofimagination.org\/it\/wp-json\/wp\/v2\/media?parent=509"}],"curies":[{"name":"wp","href":"https:\/\/api.w.org\/{rel}","templated":true}]}}